{"id":312,"date":"2017-01-30T09:38:46","date_gmt":"2017-01-30T08:38:46","guid":{"rendered":"https:\/\/www.obruly-transporte.at\/?page_id=312\/"},"modified":"2024-05-14T09:53:48","modified_gmt":"2024-05-14T08:53:48","slug":"flotta","status":"publish","type":"page","link":"https:\/\/www.obruly-transporte.at\/it\/flotta\/","title":{"rendered":"Flotta"},"content":{"rendered":"<section class=\"ffb-id-umneb6o fg-section fg-text-dark\"><div class=\"fg-container container fg-container-large fg-container-lvl--1 \"><div class=\"fg-row row    \" ><div class=\"ffb-id-umneb6p fg-col col-xs-12 col-md-12 fg-text-dark\"><img decoding=\"async\" class=\"ffb-id-umnepi0 fg-image  img-responsive full-width image_space fg-text-dark\" srcset=\"https:\/\/www.obruly-transporte.at\/wp-content\/uploads\/2017\/01\/banner2.jpg 1140w, https:\/\/www.obruly-transporte.at\/wp-content\/uploads\/freshizer\/1c98231b224a8e260f0ac1b7acd13fd3_banner2-320-c-100.jpg 320w, https:\/\/www.obruly-transporte.at\/wp-content\/uploads\/freshizer\/1c98231b224a8e260f0ac1b7acd13fd3_banner2-768-c-100.jpg 768w, https:\/\/www.obruly-transporte.at\/wp-content\/uploads\/freshizer\/1c98231b224a8e260f0ac1b7acd13fd3_banner2-992-c-100.jpg 992w\" sizes=\"(max-width: 1140px) 100vw, 1140px\" src=\"https:\/\/www.obruly-transporte.at\/wp-content\/uploads\/2017\/01\/banner2.jpg\" alt=\"banner2\"><p class=\"ffb-id-umnf496 fg-paragraph text-left    fg-text-dark\" style=\"line-height:26px;  font-size:16px; \">Con la nostra flotta, che attualmente \u00e8 composta da 60 camion, possiamo in base ai diversi tipi di veicoli e rimorchi, veloce e, soprattutto, rispondere con flessibilit\u00e0 alla vostra richiesta di trasporto. Oltre alle aree standard delle nostre attivit\u00e0 di trasporto, offriamo tra le altre cose, la disposizione dei carichi completi e parziali, cos\u00ec come beni collettivi per l'UE nel suo complesso una stanza. I nostri camion e trattori possono essere combinati con una variet\u00e0 di tipi di rimorchio. In Obruly trasporti per teloni e treni ribaltabili, portacontainer, pavimenti in movimento, ribassati e joloda. Inoltre, quasi tutti i nostri camion sono dotati di impianto idraulico di ribaltamento. La vasta collezione nella nostra flotta permette di fornire il giusto veicolo pronto per quasi ogni ordine cliente. Il cuore della nostra azienda di famiglia sono, oltre ai camion regolarmente mantenuti e nuovi e automobili, naturalmente, i nostri dipendenti altamente formati e qualificati che affrontano le sfide di ogni trasporto. Siamo qui per Lei \"sempre in movimento\" e in tutta l\u2019Europa.<\/p><\/div><\/div><\/div><\/section><style>.ffb-id-umneb6o{ padding-top: 30px;padding-bottom: 30px;}@media (min-width:768px) { .ffb-id-umneb6o{ padding-top: 30px;padding-bottom: 30px;}}@media (min-width:992px) { .ffb-id-umneb6o{ padding-top: 30px;padding-bottom: 30px;}}@media (min-width:1200px) { .ffb-id-umneb6o{ padding-top: 30px;padding-bottom: 30px;}}<\/style><script type=\"text\/javascript\"><\/script>\n","protected":false},"excerpt":{"rendered":"","protected":false},"author":2,"featured_media":0,"parent":0,"menu_order":0,"comment_status":"closed","ping_status":"closed","template":"","meta":{"footnotes":""},"class_list":["post-312","page","type-page","status-publish","hentry","post-wrapper"],"_links":{"self":[{"href":"https:\/\/www.obruly-transporte.at\/it\/wp-json\/wp\/v2\/pages\/312","targetHints":{"allow":["GET"]}}],"collection":[{"href":"https:\/\/www.obruly-transporte.at\/it\/wp-json\/wp\/v2\/pages"}],"about":[{"href":"https:\/\/www.obruly-transporte.at\/it\/wp-json\/wp\/v2\/types\/page"}],"author":[{"embeddable":true,"href":"https:\/\/www.obruly-transporte.at\/it\/wp-json\/wp\/v2\/users\/2"}],"replies":[{"embeddable":true,"href":"https:\/\/www.obruly-transporte.at\/it\/wp-json\/wp\/v2\/comments?post=312"}],"version-history":[{"count":5,"href":"https:\/\/www.obruly-transporte.at\/it\/wp-json\/wp\/v2\/pages\/312\/revisions"}],"predecessor-version":[{"id":2267,"href":"https:\/\/www.obruly-transporte.at\/it\/wp-json\/wp\/v2\/pages\/312\/revisions\/2267"}],"wp:attachment":[{"href":"https:\/\/www.obruly-transporte.at\/it\/wp-json\/wp\/v2\/media?parent=312"}],"curies":[{"name":"wp","href":"https:\/\/api.w.org\/{rel}","templated":true}]}}